{"id":476,"date":"2024-07-05T16:25:31","date_gmt":"2024-07-05T14:25:31","guid":{"rendered":"http:\/\/juanjoclemente.info\/iespeset\/?page_id=476"},"modified":"2024-07-05T16:28:20","modified_gmt":"2024-07-05T14:28:20","slug":"contenidos-de-la-asignatura-en-sus-diferentes-cursos","status":"publish","type":"page","link":"http:\/\/juanjoclemente.info\/iespeset\/contenidos-de-la-asignatura-en-sus-diferentes-cursos\/","title":{"rendered":"Contenidos de la asignatura en sus diferentes cursos"},"content":{"rendered":"\n<p>En este apartado puedes ver el nombre de la asignatura de \u00abinform\u00e1tica\u00bb en sus diferentes cursos. Adem\u00e1s, tienes un resumen de sus contenidos en cada curso.<\/p>\n\n\n\n<!--more-->\n\n\n\n<p>Contenidos:<\/p>\n\n\n\n<figure class=\"wp-block-table\"><table><tbody><tr><td><strong>Curso<\/strong><\/td><td><strong>Nombre<\/strong><\/td><td><strong>Contenidos<\/strong><\/td><\/tr><tr><td>1\u00ba ESO<\/td><td>Taller de Relaciones Digitales Responsables<\/td><td>Dispositivos Digitales y Organizaci\u00f3n de la informaci\u00f3n B\u00fasqueda de informaci\u00f3n Identidad Digital Entornos Virtuales Riesgos en la RED<\/td><\/tr><tr><td>2\u00ba ESO<\/td><td>Programaci\u00f3n, Inteligencia Artificial y Rob\u00f3tica I<\/td><td>Pensamiento Computacional Introducci\u00f3n a la programaci\u00f3n. code.org Programaci\u00f3n con Scratch inicial Inteligencia Artificial, Realidad Aumentada y Realidad Virtual Introducci\u00f3n a la rob\u00f3tica<\/td><\/tr><tr><td>3\u00ba ESO<\/td><td>Programaci\u00f3n, Inteligencia Artificial y Rob\u00f3tica II<\/td><td>Programaci\u00f3n Avanzada con Scratch. Inteligencia Artificial, Realidad Aumentada y Realidad Virtual. Rob\u00f3tica Avanzada. Introducci\u00f3n a la programaci\u00f3n. Introducci\u00f3n a la programaci\u00f3n de m\u00f3viles.<\/td><\/tr><tr><td>4\u00ba ESO<\/td><td>Digitalizaci\u00f3n<\/td><td>Arquitectura de Ordenadores, Sistemas Inform\u00e1ticos y Redes Creaci\u00f3n de Contenidos Digitales &#8211; V\u00eddeo digital Licencias de Software y B\u00fasqueda de informaci\u00f3n Publicaci\u00f3n Multimedia, Foros y Blogs Seguridad, Bienestar y Nuevas Tecnolog\u00edas (Big Data e IA) Aplicaciones para M\u00f3viles y Realidad Aumentada<\/td><\/tr><tr><td>1\u00ba BAT<\/td><td>Programaci\u00f3n, redes y sistemas inform\u00e1ticos I<\/td><td>Arquitectura avanzada de Ordenadores. Sistemas Operativos para Ordenadores y M\u00f3viles. Dise\u00f1o y Gesti\u00f3n de Redes Inform\u00e1ticas. Creaci\u00f3n de p\u00e1ginas Web, Certificados Digitales y Bases de Datos. Servicios Compartidos de Almacenamiento y Servidores. Pensamiento Computacional. Introducci\u00f3n a Python.<\/td><\/tr><tr><td>2\u00ba BAT<\/td><td>Programaci\u00f3n, redes y sistemas inform\u00e1ticos II<\/td><td>Programaci\u00f3n, Sistemas Inform\u00e1ticos y Redes. Programaci\u00f3n Avanzada con Python. Servicios en Ubuntu: Web (Apache), FTP, WordPress.<\/td><\/tr><\/tbody><\/table><\/figure>\n","protected":false},"excerpt":{"rendered":"<p>En este apartado puedes ver el nombre de la asignatura de \u00abinform\u00e1tica\u00bb en sus diferentes cursos. Adem\u00e1s, tienes un resumen de sus contenidos en cada curso.<\/p>\n","protected":false},"author":1,"featured_media":0,"parent":0,"menu_order":0,"comment_status":"closed","ping_status":"closed","template":"","meta":{"footnotes":""},"class_list":["post-476","page","type-page","status-publish","hentry"],"_links":{"self":[{"href":"http:\/\/juanjoclemente.info\/iespeset\/wp-json\/wp\/v2\/pages\/476","targetHints":{"allow":["GET"]}}],"collection":[{"href":"http:\/\/juanjoclemente.info\/iespeset\/wp-json\/wp\/v2\/pages"}],"about":[{"href":"http:\/\/juanjoclemente.info\/iespeset\/wp-json\/wp\/v2\/types\/page"}],"author":[{"embeddable":true,"href":"http:\/\/juanjoclemente.info\/iespeset\/wp-json\/wp\/v2\/users\/1"}],"replies":[{"embeddable":true,"href":"http:\/\/juanjoclemente.info\/iespeset\/wp-json\/wp\/v2\/comments?post=476"}],"version-history":[{"count":2,"href":"http:\/\/juanjoclemente.info\/iespeset\/wp-json\/wp\/v2\/pages\/476\/revisions"}],"predecessor-version":[{"id":480,"href":"http:\/\/juanjoclemente.info\/iespeset\/wp-json\/wp\/v2\/pages\/476\/revisions\/480"}],"wp:attachment":[{"href":"http:\/\/juanjoclemente.info\/iespeset\/wp-json\/wp\/v2\/media?parent=476"}],"curies":[{"name":"wp","href":"https:\/\/api.w.org\/{rel}","templated":true}]}}