{"id":57,"date":"2024-02-12T17:14:12","date_gmt":"2024-02-12T16:14:12","guid":{"rendered":"http:\/\/juanjoclemente.info\/iespeset\/?page_id=57"},"modified":"2024-05-10T10:39:58","modified_gmt":"2024-05-10T08:39:58","slug":"grado-en-ingenieria-informatica","status":"publish","type":"page","link":"http:\/\/juanjoclemente.info\/iespeset\/grado-en-ingenieria-informatica\/","title":{"rendered":"Grado en Ingenier\u00eda Inform\u00e1tica"},"content":{"rendered":"\n<h2 class=\"wp-block-heading\">Grado en Ingenier\u00eda Inform\u00e1tica:<\/h2>\n\n\n\n<p>La <strong>Escola T\u00e8cnica Superior d&#8217;Enginyeria Inform\u00e0tica (ETSINF)<\/strong> imparte desde el curso 2010-2011 la nueva titulaci\u00f3n de Grado en Ingenier\u00eda Inform\u00e1tica. La duraci\u00f3n de los estudios es de 4 cursos, en los que se distribuyen los 240 cr\u00e9ditos ECTS que conforman el t\u00edtulo.<\/p>\n\n\n\n<p>El plan de estudios de Grado en Ingenier\u00eda Inform\u00e1tica es el resultado de la adaptaci\u00f3n de las actuales titulaciones (II, ITIG, ITIS) en el marco del Espacio Europeo de Educaci\u00f3n Superior. Y desde enero de 2010 cuenta con la evaluaci\u00f3n favorable por parte de la ANECA para su implantaci\u00f3n.<\/p>\n\n\n\n<p>La puesta en marcha de la titulaci\u00f3n se realiza de forma progresiva. As\u00ed, en septiembre de 2010 se implant\u00f3 el primer curso de grado, y el resto se hacen curso a curso, hasta su total implantaci\u00f3n en 2013.<\/p>\n\n\n\n<p>En el curso 2011-2012 la ETSINF oferta 450 plazas para estudiantes de nuevo ingreso. El estudiante podr\u00e1 escoger recibir la docencia en castellano, valenciano o ingl\u00e9s.<\/p>\n\n\n\n<p>Los\/as graduados\/as en Ingenier\u00eda Inform\u00e1tica podr\u00e1n acceder al futuro m\u00e1ster en ingenier\u00eda inform\u00e1tica y a los m\u00e1steres oficiales ofertados actualmente en la UPV en el \u00e1mbito de la inform\u00e1tica<\/p>\n\n\n\n<h2 class=\"wp-block-heading\">Postgrado en Inform\u00e1tica:<\/h2>\n\n\n\n<ul class=\"wp-block-list\">\n<li>M\u00e1ster Universitario en Gesti\u00f3n de la Informaci\u00f3n (MUGI)<\/li>\n\n\n\n<li>M\u00e1ster Universitario en Ingenier\u00eda Inform\u00e1tica (MUIINF)<\/li>\n\n\n\n<li>M\u00e1ster en Inteligencia Artificial, Reconocimiento de Formas e Imagen Digital<\/li>\n\n\n\n<li>M\u00e1ster en Ingenier\u00eda del Software, M\u00e9todos Formales y Sistemas de Informaci\u00f3n<\/li>\n\n\n\n<li>M\u00e1ster en Ingenier\u00eda de Computadores<\/li>\n\n\n\n<li>M\u00e1ster en Computaci\u00f3n Paralela y Distribuida<\/li>\n\n\n\n<li>M\u00e1ster en Autom\u00e1tica, Rob\u00f3tica e Inform\u00e1tica Industrial<\/li>\n<\/ul>\n\n\n\n<p><a href=\"http:\/\/www.upv.es\/\" target=\"_blank\" rel=\"noreferrer noopener\">M\u00e1s informaci\u00f3n\u2026<\/a><\/p>\n","protected":false},"excerpt":{"rendered":"<p>Grado en Ingenier\u00eda Inform\u00e1tica: La Escola T\u00e8cnica Superior d&#8217;Enginyeria Inform\u00e0tica (ETSINF) imparte desde el curso 2010-2011 la nueva titulaci\u00f3n de Grado en Ingenier\u00eda Inform\u00e1tica. La duraci\u00f3n de los estudios es de 4 cursos, en los que se distribuyen los 240 cr\u00e9ditos ECTS que conforman el t\u00edtulo. El plan de estudios de Grado en Ingenier\u00eda Inform\u00e1tica &hellip; <a href=\"http:\/\/juanjoclemente.info\/iespeset\/grado-en-ingenieria-informatica\/\" class=\"more-link\">Continuar leyendo<span class=\"screen-reader-text\"> \u00abGrado en Ingenier\u00eda Inform\u00e1tica\u00bb<\/span><\/a><\/p>\n","protected":false},"author":1,"featured_media":0,"parent":0,"menu_order":0,"comment_status":"closed","ping_status":"closed","template":"","meta":{"footnotes":""},"class_list":["post-57","page","type-page","status-publish","hentry"],"_links":{"self":[{"href":"http:\/\/juanjoclemente.info\/iespeset\/wp-json\/wp\/v2\/pages\/57","targetHints":{"allow":["GET"]}}],"collection":[{"href":"http:\/\/juanjoclemente.info\/iespeset\/wp-json\/wp\/v2\/pages"}],"about":[{"href":"http:\/\/juanjoclemente.info\/iespeset\/wp-json\/wp\/v2\/types\/page"}],"author":[{"embeddable":true,"href":"http:\/\/juanjoclemente.info\/iespeset\/wp-json\/wp\/v2\/users\/1"}],"replies":[{"embeddable":true,"href":"http:\/\/juanjoclemente.info\/iespeset\/wp-json\/wp\/v2\/comments?post=57"}],"version-history":[{"count":2,"href":"http:\/\/juanjoclemente.info\/iespeset\/wp-json\/wp\/v2\/pages\/57\/revisions"}],"predecessor-version":[{"id":375,"href":"http:\/\/juanjoclemente.info\/iespeset\/wp-json\/wp\/v2\/pages\/57\/revisions\/375"}],"wp:attachment":[{"href":"http:\/\/juanjoclemente.info\/iespeset\/wp-json\/wp\/v2\/media?parent=57"}],"curies":[{"name":"wp","href":"https:\/\/api.w.org\/{rel}","templated":true}]}}