{"id":7,"date":"2024-02-12T23:04:30","date_gmt":"2024-02-12T22:04:30","guid":{"rendered":"http:\/\/juanjoclemente.info\/iespeset\/?page_id=7"},"modified":"2024-05-10T10:38:21","modified_gmt":"2024-05-10T08:38:21","slug":"componentes-del-departamento","status":"publish","type":"page","link":"http:\/\/juanjoclemente.info\/iespeset\/componentes-del-departamento\/","title":{"rendered":"Componentes del Departamento"},"content":{"rendered":"\n<figure class=\"wp-block-table\"><table><tbody><tr><td>Nombre<\/td><td>Cargo<\/td><td>Cursos<\/td><\/tr><tr><td>Juan Jos\u00e9 Clemente Ant\u00f3n<\/td><td>Jefe de departamento<br>Coordinador TIC y del aula de inform\u00e1tica.<\/td><td>1\u00ba ESO, 2\u00ba ESO, 3\u00ba ESO, 4\u00ba ESO y 2\u00ba Bachiller.<\/td><\/tr><tr><td>Ester Beneito Brotons<\/td><td>Coordinadora del aula de inform\u00e1tica.<\/td><td>1\u00ba ESO, 2\u00ba ESO, 3\u00ba ESO, 4\u00ba ESO y 1\u00ba Bachiller.<\/td><\/tr><\/tbody><\/table><\/figure>\n","protected":false},"excerpt":{"rendered":"<p>Nombre Cargo Cursos Juan Jos\u00e9 Clemente Ant\u00f3n Jefe de departamentoCoordinador TIC y del aula de inform\u00e1tica. 1\u00ba ESO, 2\u00ba ESO, 3\u00ba ESO, 4\u00ba ESO y 2\u00ba Bachiller. Ester Beneito Brotons Coordinadora del aula de inform\u00e1tica. 1\u00ba ESO, 2\u00ba ESO, 3\u00ba ESO, 4\u00ba ESO y 1\u00ba Bachiller.<\/p>\n","protected":false},"author":1,"featured_media":0,"parent":0,"menu_order":0,"comment_status":"closed","ping_status":"closed","template":"","meta":{"footnotes":""},"class_list":["post-7","page","type-page","status-publish","hentry"],"_links":{"self":[{"href":"http:\/\/juanjoclemente.info\/iespeset\/wp-json\/wp\/v2\/pages\/7","targetHints":{"allow":["GET"]}}],"collection":[{"href":"http:\/\/juanjoclemente.info\/iespeset\/wp-json\/wp\/v2\/pages"}],"about":[{"href":"http:\/\/juanjoclemente.info\/iespeset\/wp-json\/wp\/v2\/types\/page"}],"author":[{"embeddable":true,"href":"http:\/\/juanjoclemente.info\/iespeset\/wp-json\/wp\/v2\/users\/1"}],"replies":[{"embeddable":true,"href":"http:\/\/juanjoclemente.info\/iespeset\/wp-json\/wp\/v2\/comments?post=7"}],"version-history":[{"count":5,"href":"http:\/\/juanjoclemente.info\/iespeset\/wp-json\/wp\/v2\/pages\/7\/revisions"}],"predecessor-version":[{"id":374,"href":"http:\/\/juanjoclemente.info\/iespeset\/wp-json\/wp\/v2\/pages\/7\/revisions\/374"}],"wp:attachment":[{"href":"http:\/\/juanjoclemente.info\/iespeset\/wp-json\/wp\/v2\/media?parent=7"}],"curies":[{"name":"wp","href":"https:\/\/api.w.org\/{rel}","templated":true}]}}