{"id":2,"date":"2024-02-12T23:00:58","date_gmt":"2024-02-12T22:00:58","guid":{"rendered":"http:\/\/juanjoclemente.info\/iespeset\/?page_id=2"},"modified":"2026-04-16T19:14:02","modified_gmt":"2026-04-16T17:14:02","slug":"pagina-ejemplo","status":"publish","type":"page","link":"https:\/\/juanjoclemente.info\/iespeset\/","title":{"rendered":"P\u00e1gina del Departamento de Inform\u00e1tica"},"content":{"rendered":"\n<p>Bienvenido a la p\u00e1gina del departamento de Inform\u00e1tica del IES Peset Aleixandre de Paterna.<\/p>\n\n\n\n<p>En esta p\u00e1gina podr\u00e1s encontrar informaci\u00f3n de la asignatura de Inform\u00e1tica, de los trabajos realizados por otros alumnos, etc.<\/p>\n\n\n\n<p>Adem\u00e1s podr\u00e1s comunicarte con sus profesores y solucionar tus dudas.<\/p>\n\n\n\n<div class=\"wp-block-columns is-layout-flex wp-container-core-columns-is-layout-9d6595d7 wp-block-columns-is-layout-flex\">\n<div class=\"wp-block-column is-layout-flow wp-block-column-is-layout-flow\">\n<figure class=\"wp-block-image size-full is-resized\"><img loading=\"lazy\" decoding=\"async\" width=\"400\" height=\"366\" src=\"http:\/\/juanjoclemente.info\/iespeset\/wp-content\/uploads\/2024\/06\/Ordenador-1.gif\" alt=\"\" class=\"wp-image-457\" style=\"width:184px;height:auto\"\/><\/figure>\n<\/div>\n\n\n\n<div class=\"wp-block-column is-layout-flow wp-block-column-is-layout-flow\">\n<figure class=\"wp-block-image size-full is-resized\"><img loading=\"lazy\" decoding=\"async\" width=\"200\" height=\"222\" src=\"http:\/\/juanjoclemente.info\/iespeset\/wp-content\/uploads\/2024\/03\/Ordenador-2.gif\" alt=\"\" class=\"wp-image-351\" style=\"width:165px;height:auto\"\/><\/figure>\n<\/div>\n\n\n\n<div class=\"wp-block-column is-layout-flow wp-block-column-is-layout-flow\">\n<figure class=\"wp-block-image size-full is-resized\"><img loading=\"lazy\" decoding=\"async\" width=\"300\" height=\"275\" src=\"http:\/\/juanjoclemente.info\/iespeset\/wp-content\/uploads\/2024\/03\/Ordenador-4.gif\" alt=\"\" class=\"wp-image-355\" style=\"width:187px;height:auto\"\/><\/figure>\n<\/div>\n<\/div>\n","protected":false},"excerpt":{"rendered":"<p>Bienvenido a la p\u00e1gina del departamento de Inform\u00e1tica del IES Peset Aleixandre de Paterna. En esta p\u00e1gina podr\u00e1s encontrar informaci\u00f3n de la asignatura de Inform\u00e1tica, de los trabajos realizados por otros alumnos, etc. Adem\u00e1s podr\u00e1s comunicarte con sus profesores y solucionar tus dudas.<\/p>\n","protected":false},"author":1,"featured_media":0,"parent":0,"menu_order":0,"comment_status":"closed","ping_status":"open","template":"","meta":{"footnotes":""},"class_list":["post-2","page","type-page","status-publish","hentry"],"_links":{"self":[{"href":"https:\/\/juanjoclemente.info\/iespeset\/wp-json\/wp\/v2\/pages\/2","targetHints":{"allow":["GET"]}}],"collection":[{"href":"https:\/\/juanjoclemente.info\/iespeset\/wp-json\/wp\/v2\/pages"}],"about":[{"href":"https:\/\/juanjoclemente.info\/iespeset\/wp-json\/wp\/v2\/types\/page"}],"author":[{"embeddable":true,"href":"https:\/\/juanjoclemente.info\/iespeset\/wp-json\/wp\/v2\/users\/1"}],"replies":[{"embeddable":true,"href":"https:\/\/juanjoclemente.info\/iespeset\/wp-json\/wp\/v2\/comments?post=2"}],"version-history":[{"count":8,"href":"https:\/\/juanjoclemente.info\/iespeset\/wp-json\/wp\/v2\/pages\/2\/revisions"}],"predecessor-version":[{"id":460,"href":"https:\/\/juanjoclemente.info\/iespeset\/wp-json\/wp\/v2\/pages\/2\/revisions\/460"}],"wp:attachment":[{"href":"https:\/\/juanjoclemente.info\/iespeset\/wp-json\/wp\/v2\/media?parent=2"}],"curies":[{"name":"wp","href":"https:\/\/api.w.org\/{rel}","templated":true}]}}