{"id":50,"date":"2024-02-12T15:07:33","date_gmt":"2024-02-12T14:07:33","guid":{"rendered":"http:\/\/juanjoclemente.info\/iespeset\/?page_id=50"},"modified":"2024-03-21T12:28:31","modified_gmt":"2024-03-21T11:28:31","slug":"por-que-estudiar-informatica","status":"publish","type":"page","link":"https:\/\/juanjoclemente.info\/iespeset\/por-que-estudiar-informatica\/","title":{"rendered":"\u00bfPor qu\u00e9 estudiar Inform\u00e1tica?"},"content":{"rendered":"\n<p>Aqu\u00ed tienes algunas de las carreras universitarias en las que se necesitan conocimientos de INFORM\u00c1TICA para algunas de sus asignaturas.<\/p>\n\n\n\n<p>Si vas a estudiar alguna de ellas tenlo en cuenta a la hora de pensarte la optativa que vas a cursar. Luego, en la Universidad, los que hayan estudiado inform\u00e1tica durante la ESO y Bachiller tendr\u00e1n conocimientos previos para dichas asignaturas.<\/p>\n\n\n\n<p>Aqu\u00ed tienes una peque\u00f1a tabla con algunas de esas carreras universitarias y sus asignaturas relacionadas con la inform\u00e1tica.<\/p>\n\n\n\n<figure class=\"wp-block-image size-large\"><img loading=\"lazy\" decoding=\"async\" width=\"1024\" height=\"736\" src=\"http:\/\/juanjoclemente.info\/iespeset\/wp-content\/uploads\/2024\/03\/CarrerasConInformatica-1-1024x736.png\" alt=\"\" class=\"wp-image-51\" srcset=\"https:\/\/juanjoclemente.info\/iespeset\/wp-content\/uploads\/2024\/03\/CarrerasConInformatica-1-1024x736.png 1024w, https:\/\/juanjoclemente.info\/iespeset\/wp-content\/uploads\/2024\/03\/CarrerasConInformatica-1-300x216.png 300w, https:\/\/juanjoclemente.info\/iespeset\/wp-content\/uploads\/2024\/03\/CarrerasConInformatica-1-768x552.png 768w, https:\/\/juanjoclemente.info\/iespeset\/wp-content\/uploads\/2024\/03\/CarrerasConInformatica-1.png 1138w\" sizes=\"auto, (max-width: 709px) 85vw, (max-width: 909px) 67vw, (max-width: 1362px) 62vw, 840px\" \/><\/figure>\n\n\n\n<figure class=\"wp-block-image size-large\"><img loading=\"lazy\" decoding=\"async\" width=\"1024\" height=\"734\" src=\"http:\/\/juanjoclemente.info\/iespeset\/wp-content\/uploads\/2024\/03\/CarrerasConInformatica-2-1024x734.png\" alt=\"\" class=\"wp-image-52\" srcset=\"https:\/\/juanjoclemente.info\/iespeset\/wp-content\/uploads\/2024\/03\/CarrerasConInformatica-2-1024x734.png 1024w, https:\/\/juanjoclemente.info\/iespeset\/wp-content\/uploads\/2024\/03\/CarrerasConInformatica-2-300x215.png 300w, https:\/\/juanjoclemente.info\/iespeset\/wp-content\/uploads\/2024\/03\/CarrerasConInformatica-2-768x551.png 768w, https:\/\/juanjoclemente.info\/iespeset\/wp-content\/uploads\/2024\/03\/CarrerasConInformatica-2.png 1134w\" sizes=\"auto, (max-width: 709px) 85vw, (max-width: 909px) 67vw, (max-width: 1362px) 62vw, 840px\" \/><\/figure>\n","protected":false},"excerpt":{"rendered":"<p>Aqu\u00ed tienes algunas de las carreras universitarias en las que se necesitan conocimientos de INFORM\u00c1TICA para algunas de sus asignaturas. Si vas a estudiar alguna de ellas tenlo en cuenta a la hora de pensarte la optativa que vas a cursar. Luego, en la Universidad, los que hayan estudiado inform\u00e1tica durante la ESO y Bachiller &hellip; <a href=\"https:\/\/juanjoclemente.info\/iespeset\/por-que-estudiar-informatica\/\" class=\"more-link\">Continuar leyendo<span class=\"screen-reader-text\"> \u00ab\u00bfPor qu\u00e9 estudiar Inform\u00e1tica?\u00bb<\/span><\/a><\/p>\n","protected":false},"author":1,"featured_media":0,"parent":0,"menu_order":0,"comment_status":"closed","ping_status":"closed","template":"","meta":{"footnotes":""},"class_list":["post-50","page","type-page","status-publish","hentry"],"_links":{"self":[{"href":"https:\/\/juanjoclemente.info\/iespeset\/wp-json\/wp\/v2\/pages\/50","targetHints":{"allow":["GET"]}}],"collection":[{"href":"https:\/\/juanjoclemente.info\/iespeset\/wp-json\/wp\/v2\/pages"}],"about":[{"href":"https:\/\/juanjoclemente.info\/iespeset\/wp-json\/wp\/v2\/types\/page"}],"author":[{"embeddable":true,"href":"https:\/\/juanjoclemente.info\/iespeset\/wp-json\/wp\/v2\/users\/1"}],"replies":[{"embeddable":true,"href":"https:\/\/juanjoclemente.info\/iespeset\/wp-json\/wp\/v2\/comments?post=50"}],"version-history":[{"count":2,"href":"https:\/\/juanjoclemente.info\/iespeset\/wp-json\/wp\/v2\/pages\/50\/revisions"}],"predecessor-version":[{"id":56,"href":"https:\/\/juanjoclemente.info\/iespeset\/wp-json\/wp\/v2\/pages\/50\/revisions\/56"}],"wp:attachment":[{"href":"https:\/\/juanjoclemente.info\/iespeset\/wp-json\/wp\/v2\/media?parent=50"}],"curies":[{"name":"wp","href":"https:\/\/api.w.org\/{rel}","templated":true}]}}